{"id":14206,"date":"2021-12-02T10:31:24","date_gmt":"2021-12-02T13:31:24","guid":{"rendered":"http:\/\/dehast.tester001.org\/maniacsubs\/?page_id=14206"},"modified":"2022-06-08T11:41:16","modified_gmt":"2022-06-08T14:41:16","slug":"new-home","status":"publish","type":"page","link":"http:\/\/dehast.tester001.org\/maniacsubs\/","title":{"rendered":"New Home"},"content":{"rendered":"<div align=\"center\">\n<h2><i>Em 03\/JUN\/2022, a ManiacS encerrou suas atividades.<br \/>\nA partir desta data n\u00e3o somos respons\u00e1veis por mais nenhuma s\u00e9rie e todas as temporadas das s\u00e9ries que legend\u00e1vamos foram finalizadas.<\/i><\/h2>\n<h2><i>Obrigado pela companhia nesses 13 anos.<br \/>\nBe a Maniac Too! \/ Haters Gonna Hate!<\/i><\/h2>\n<\/div>\n<div align=\"center\"><a href=\"https:\/\/twitter.com\/ManiacSubs\" target=\"_blank\" rel=\"noopener\"><img loading=\"lazy\" src=\"http:\/\/dehast.tester001.org\/maniacsubs\/wp-content\/uploads\/2021\/12\/twitter.png\" alt=\"Twitter\" width=\"60\" height=\"60\" \/><\/a> <a href=\"https:\/\/www.instagram.com\/maniacssubs\/\" target=\"_blank\" rel=\"noopener\"><img loading=\"lazy\" src=\"http:\/\/dehast.tester001.org\/maniacsubs\/wp-content\/uploads\/2021\/12\/instagram.png\" alt=\"Instagram\" width=\"60\" height=\"60\" \/><\/a> <a href=\"https:\/\/open.spotify.com\/show\/59lHteIrdHPA3CsRgZjA2M\" target=\"_blank\" rel=\"noopener\"><img loading=\"lazy\" src=\"http:\/\/dehast.tester001.org\/maniacsubs\/wp-content\/uploads\/2021\/12\/spotify.png\" alt=\"Spotify - Buteco ManiacS\" width=\"60\" height=\"60\" \/><\/a> <a href=\"https:\/\/www.facebook.com\/ManiacSubs\" target=\"_blank\" rel=\"noopener\"> <img loading=\"lazy\" src=\"http:\/\/dehast.tester001.org\/maniacsubs\/wp-content\/uploads\/2021\/12\/facebook.png\" alt=\"Facebook\" width=\"60\" height=\"60\" \/><\/a> <a href=\"https:\/\/www.youtube.com\/user\/ManiacsSubs\" target=\"_blank\" rel=\"noopener\"><img loading=\"lazy\" src=\"http:\/\/dehast.tester001.org\/maniacsubs\/wp-content\/uploads\/2021\/12\/youtube.png\" alt=\"YouTube\" width=\"60\" height=\"60\" \/><\/a><\/div>\n","protected":false},"excerpt":{"rendered":"<p>Em 03\/JUN\/2022, a ManiacS encerrou suas atividades. A partir desta data n\u00e3o somos respons\u00e1veis por mais nenhuma s\u00e9rie e todas as temporadas das s\u00e9ries que legend\u00e1vamos foram finalizadas. Obrigado pela companhia nesses 13 anos. Be a Maniac Too! \/ Haters Gonna Hate!<\/p>\n","protected":false},"author":1,"featured_media":0,"parent":0,"menu_order":0,"comment_status":"closed","ping_status":"closed","template":"page-templates\/home-elementor-template.php","meta":[],"_links":{"self":[{"href":"http:\/\/dehast.tester001.org\/maniacsubs\/wp-json\/wp\/v2\/pages\/14206"}],"collection":[{"href":"http:\/\/dehast.tester001.org\/maniacsubs\/wp-json\/wp\/v2\/pages"}],"about":[{"href":"http:\/\/dehast.tester001.org\/maniacsubs\/wp-json\/wp\/v2\/types\/page"}],"author":[{"embeddable":true,"href":"http:\/\/dehast.tester001.org\/maniacsubs\/wp-json\/wp\/v2\/users\/1"}],"replies":[{"embeddable":true,"href":"http:\/\/dehast.tester001.org\/maniacsubs\/wp-json\/wp\/v2\/comments?post=14206"}],"version-history":[{"count":30,"href":"http:\/\/dehast.tester001.org\/maniacsubs\/wp-json\/wp\/v2\/pages\/14206\/revisions"}],"predecessor-version":[{"id":14300,"href":"http:\/\/dehast.tester001.org\/maniacsubs\/wp-json\/wp\/v2\/pages\/14206\/revisions\/14300"}],"wp:attachment":[{"href":"http:\/\/dehast.tester001.org\/maniacsubs\/wp-json\/wp\/v2\/media?parent=14206"}],"curies":[{"name":"wp","href":"https:\/\/api.w.org\/{rel}","templated":true}]}}